{"id":6718,"date":"2025-02-10T09:38:11","date_gmt":"2025-02-10T09:38:11","guid":{"rendered":"https:\/\/www.casinostake.com\/bingo-bewertungen\/"},"modified":"2024-08-27T10:52:05","modified_gmt":"2024-08-27T10:52:05","slug":"bingo-bewertungen","status":"publish","type":"page","link":"https:\/\/www.casinostake.com\/de\/bingo-bewertungen\/","title":{"rendered":"Bingo Bewertungen"},"content":{"rendered":"\t\t<div data-elementor-type=\"wp-page\" data-elementor-id=\"6718\" class=\"elementor elementor-6718 elementor-6249\" data-elementor-post-type=\"page\">\n\t\t\t\t\t\t<section class=\"elementor-section elementor-top-section elementor-element elementor-element-716d8f68 elementor-section-boxed elementor-section-height-default elementor-section-height-default\" data-id=\"716d8f68\" data-element_type=\"section\" data-e-type=\"section\">\n\t\t\t\t\t\t<div class=\"elementor-container elementor-column-gap-default\">\n\t\t\t\t\t<div class=\"elementor-column elementor-col-100 elementor-top-column elementor-element elementor-element-71cf8bbc\" data-id=\"71cf8bbc\" data-element_type=\"column\" data-e-type=\"column\">\n\t\t\t<div class=\"elementor-widget-wrap elementor-element-populated\">\n\t\t\t\t\t\t<div class=\"elementor-element elementor-element-356a009 elementor-hidden-desktop elementor-widget elementor-widget-heading\" data-id=\"356a009\" data-element_type=\"widget\" data-e-type=\"widget\" data-widget_type=\"heading.default\">\n\t\t\t\t<div class=\"elementor-widget-container\">\n\t\t\t\t\t<h2 class=\"elementor-heading-title elementor-size-default\">Bingo Seiten<\/h2>\t\t\t\t<\/div>\n\t\t\t\t<\/div>\n\t\t\t\t<div class=\"elementor-element elementor-element-c03a413 elementor-hidden-tablet elementor-hidden-mobile elementor-widget elementor-widget-heading\" data-id=\"c03a413\" data-element_type=\"widget\" data-e-type=\"widget\" data-widget_type=\"heading.default\">\n\t\t\t\t<div class=\"elementor-widget-container\">\n\t\t\t\t\t<h2 class=\"elementor-heading-title elementor-size-default\">Bingo Seiten<\/h2>\t\t\t\t<\/div>\n\t\t\t\t<\/div>\n\t\t\t\t\t<\/div>\n\t\t<\/div>\n\t\t\t\t\t<\/div>\n\t\t<\/section>\n\t\t\t\t<section class=\"elementor-section elementor-top-section elementor-element elementor-element-67979b5 elementor-section-boxed elementor-section-height-default elementor-section-height-default\" data-id=\"67979b5\" data-element_type=\"section\" data-e-type=\"section\">\n\t\t\t\t\t\t<div class=\"elementor-container elementor-column-gap-default\">\n\t\t\t\t\t<div class=\"elementor-column elementor-col-100 elementor-top-column elementor-element elementor-element-9030045\" data-id=\"9030045\" data-element_type=\"column\" data-e-type=\"column\">\n\t\t\t<div class=\"elementor-widget-wrap elementor-element-populated\">\n\t\t\t\t\t\t<div class=\"elementor-element elementor-element-a2c450e elementor-grid-1 elementor-grid-tablet-2 elementor-grid-mobile-1 elementor-widget elementor-widget-loop-grid\" data-id=\"a2c450e\" data-element_type=\"widget\" data-e-type=\"widget\" data-settings=\"{&quot;template_id&quot;:8820,&quot;columns&quot;:1,&quot;pagination_type&quot;:&quot;load_more_on_click&quot;,&quot;_skin&quot;:&quot;post&quot;,&quot;columns_tablet&quot;:&quot;2&quot;,&quot;columns_mobile&quot;:&quot;1&quot;,&quot;edit_handle_selector&quot;:&quot;[data-elementor-type=\\&quot;loop-item\\&quot;]&quot;,&quot;load_more_spinner&quot;:{&quot;value&quot;:&quot;fas fa-spinner&quot;,&quot;library&quot;:&quot;fa-solid&quot;},&quot;row_gap&quot;:{&quot;unit&quot;:&quot;px&quot;,&quot;size&quot;:&quot;&quot;,&quot;sizes&quot;:[]},&quot;row_gap_tablet&quot;:{&quot;unit&quot;:&quot;px&quot;,&quot;size&quot;:&quot;&quot;,&quot;sizes&quot;:[]},&quot;row_gap_mobile&quot;:{&quot;unit&quot;:&quot;px&quot;,&quot;size&quot;:&quot;&quot;,&quot;sizes&quot;:[]}}\" data-widget_type=\"loop-grid.post\">\n\t\t\t\t<div class=\"elementor-widget-container\">\n\t\t\t\t\t\t\t<div class=\"e-loop-nothing-found-message\">\n\t\t<\/div>\n\t\t\t\t\t\t<\/div>\n\t\t\t\t<\/div>\n\t\t\t\t<div class=\"elementor-element elementor-element-4325846 elementor-widget elementor-widget-text-editor\" data-id=\"4325846\" data-element_type=\"widget\" data-e-type=\"widget\" data-widget_type=\"text-editor.default\">\n\t\t\t\t<div class=\"elementor-widget-container\">\n\t\t\t\t\t\t\t\t\t<h1>\u00dcber unsere Bewertungen<\/h1>\n<p>Ob sich ein Bingospieler f\u00fcr ein Bingo-Casino interessiert, geschweige denn sich dort anmeldet, h\u00e4ngt in erster Linie von der Qualit\u00e4t der Website ab. Es gibt jedoch eine Menge Faktoren, die die Qualit\u00e4t einer Bingo-Website bestimmen&nbsp;<a href=\"https:\/\/www.casinostake.com\/de\/\" target=\"_blank\">Casino Stake<\/a>&nbsp;Bewertungen. Die Auswahl an Spielen, die Boni, die Sicherheit der Website: die Liste geht weiter. Hier bei Casino Stake werfen wir einen umfassenden Blick auf all diese Faktoren, um sicherzustellen, dass Sie sich bei der besten Bingoseite f\u00fcr Sie anmelden.<\/p>\n<p>Aber Sie m\u00fcssen sich nicht auf unser Wort verlassen: Alle unsere Bewertungen werden wiederum von Fachleuten gepr\u00fcft, um sicherzustellen, dass Sie nicht \u00fcbers Ohr gehauen werden. Sie k\u00f6nnen darauf vertrauen, dass alle Bewertungen authentisch und wahrheitsgetreu sind. Die Spieler kommentieren, was sie an Ihren Lieblings-Bingoseiten lieben und was nicht.<\/p>\n<h2>Eine riesige Auswahl an Spielen<\/h2>\n<p>Egal, ob Sie 75-, 80- oder 90-Ball-Bingo bevorzugen, unsere vorgestellten Seiten bieten Ihnen alles. Die verschiedenen Gl\u00fccksspielanbieter bieten eine unterschiedliche Auswahl an, wobei sich einige auf kostenloses Bingo, Spielautomaten oder garantierte Jackpots spezialisiert haben. Wir legen Wert auf exklusive Spielvarianten wie Deal or No Deal Bingo und Britain&#8217;s Got Talent Bingo f\u00fcr ein noch besseres Erlebnis.<\/p>\n<p>Casino Stake Bingor\u00e4ume haben eine besondere Note, die bei anderen Spielen oft nicht m\u00f6glich ist. Die Bingo-R\u00e4ume verf\u00fcgen \u00fcber einen lustigen Chat-Moderator, der den Community-Aspekt dieses ber\u00fchmt-freundlichen Spiels aufrecht erh\u00e4lt. Ein geschickter Chat-Moderator kann das Bingo-Erlebnis aufwerten, indem er f\u00fcr Spannung und Engagement sorgt. Wir ber\u00fccksichtigen die Qualit\u00e4t des Gepl\u00e4nkels und die Leistung des Gastgebers, da die Atmosph\u00e4re in den Chatr\u00e4umen unterschiedlich ist.<\/p>\n<p>Wir stellen Ihnen Websites vor, die sowohl vernetzte Spiele (die auf mehreren Websites gespielt werden) als auch exklusive R\u00e4ume anbieten, die Zugang zu einzigartigen Spielen und gro\u00dfen vernetzten Jackpots bieten.<br>Es ist nicht nur Bingo, das wir ber\u00fccksichtigen. Neben Bingo werden in den Bewertungen von Casino Stake auch die Verf\u00fcgbarkeit von Spielautomaten, Rubbellosen, Tischspielen, Sportwetten und Poker ber\u00fccksichtigt, um ein umfassendes Spielerlebnis zu gew\u00e4hrleisten. Wir schauen uns die Spielfunktionen und die grafische Qualit\u00e4t an, um sicherzustellen, dass Sie eine ganze Reihe von Optionen haben, wenn Sie sich bei einem Casino anmelden m\u00f6chten.<br>Die vorgestellten Seiten arbeiten mit Top-Anbietern wie NetEnt, Eyecon Games und Pragmatic Play zusammen und gew\u00e4hren Ihnen Zugang zu progressiven Jackpots und Spielautomaten mit hohem RTP wie Starburst (96,1% RTP) und Fluffy Favorites (95,3% RTP).<\/p>\n<h1>Beste Bingo Boni<\/h1>\n<p>Es sind wirklich die Bingo-Boni, die den Spieler verlocken! Das Kaliber eines Willkommensbonus hat einen gro\u00dfen Einfluss auf die Entscheidung eines Bingospielers, sich einer Seite anzuschlie\u00dfen. Um Ihnen nur die besten Casinos zu pr\u00e4sentieren, bei denen Sie sich anmelden k\u00f6nnen, gew\u00e4hrleisten die Casino Stake Bewertungen die besten Anmeldeanreize. Wir bewerten die Anmeldeangebote von verschiedenen Bingo-Plattformen und stellen nur die vor, die wir f\u00fcr lohnenswert halten.<\/p>\n<p>Allerdings bieten erstklassige Casino Stake Bingoseiten fesselnde laufende Aktionen, um treue Spieler zu motivieren, immer wieder zur\u00fcckzukommen. Wir bewerten Marken h\u00f6her, die die Treue ihrer Spieler mit Reload-Boni, exklusiven Promo-Codes, VIP-\/Treueprogrammen und Werbegeschenken belohnen, um sicherzustellen, dass der Glanz nie nachl\u00e4sst.<\/p>\n<p>Au\u00dferdem werfen wir in unseren Casino Stake Bewertungen einen Blick auf die Umsatzbedingungen jedes Bonus, damit Sie sich nicht betrogen f\u00fchlen. Lassen Sie uns die harte Arbeit machen, herauszufinden, ob eine goldene Gelegenheit nicht aus lackiertem Stahl besteht. Wir heben Bingoseiten ohne Wetteins\u00e4tze oder mit vern\u00fcnftigen Einsatzbedingungen hervor. Detaillierte Bedingungen und Einsatzvoraussetzungen begleiten jedes der vorgestellten Angebote, um den Vergleich zu erleichtern.<\/p>\n<h2>Die Technologie<\/h2>\n<p>Es gibt eine Reihe von Bereichen, in denen die Bewertungen von Casino Stake sich mit der Technik befassen, die diese Bingor\u00e4ume f\u00fcr Sie bereitstellt. Zum Beispiel Zahlungsmethoden, mobile Optimierung und Sicherheit.<\/p>\n<p>Das Angebot einer breiten Palette sicherer Bankmethoden ist f\u00fcr jede regulierte britische Bingoseite von entscheidender Bedeutung. Alle vorgestellten Seiten erlauben die Einzahlung per Debitkarte (Kreditkarten wurden 2020 f\u00fcr Online-Gl\u00fccksspiele verboten) \u00fcber Visa, Mastercard und PayPal,&nbsp;<a href=\"https:\/\/www.casinostake.com\/de\/beste-pay-by-mobile-casino-seiten\/\" target=\"_blank\">Pay By Mobile<\/a>, Paysafecard, Skrill, Neteller und Apple Pay.<\/p>\n<p>Mehr als die H\u00e4lfte der Online-Bingospieler spielen inzwischen \u00fcber ein Handy oder Tablet. Unsere Pr\u00fcfer bewerten das mobile Spielerlebnis und die Verf\u00fcgbarkeit von Android- oder iOS-Apps f\u00fcr das Spielen unterwegs. Verliert Ihr Spiel an grafischer Qualit\u00e4t oder kommt es zu Fehlern? Ben\u00f6tigen Sie eine App oder k\u00f6nnen Sie \u00fcber einen Browser darauf zugreifen? Wir werden diese Fragen f\u00fcr Sie stellen.<\/p>\n<h2>Kundenbetreuung und verantwortungsvolles Gl\u00fccksspiel<\/h2>\n<p>Neben dem Kautionsangebot ist die M\u00f6glichkeit, bei Bedarf auf Unterst\u00fctzung zur\u00fcckgreifen zu k\u00f6nnen, von entscheidender Bedeutung &#8211; und doch notorisch schwer zu erreichen. Casino Stake Bewertungen bevorzugen Seiten mit einem reaktionsschnellen Kundenservice, sachkundigen, englischsprachigen Betreibern und prompten Antworten \u00fcber Kan\u00e4le wie E-Mail, Live-Chat und Telefon.<br>In diesem Zusammenhang stellen wir sicher, dass alle vorgestellten Websites verantwortungsvolles Spielen unterst\u00fctzen und Hilfe bei problematischem Spielverhalten anbieten. F\u00fchrende Betreiber unterst\u00fctzen Kampagnen wie &#8222;When The Fun Stops&#8220; und arbeiten mit Organisationen wie BeGambleAware, GamStop und GamCare zusammen, um die Sicherheit in Bingos\u00e4len zu verbessern und spielbezogene Sch\u00e4den zu verringern.<\/p>\n<p>Um sicherzustellen, dass Sie sicher sind, egal welches Casino Sie w\u00e4hlen, \u00fcberpr\u00fcfen wir jede Seite auf ihre vollst\u00e4ndige Gl\u00fccksspiellizenz von einer seri\u00f6sen Beh\u00f6rde. Wir arbeiten ausschlie\u00dflich mit lizenzierten und regulierten Marken, um Fairness und die Einhaltung der Sicherheitsstandards f\u00fcr Spieler zu gew\u00e4hrleisten.<\/p>\t\t\t\t\t\t\t\t<\/div>\n\t\t\t\t<\/div>\n\t\t\t\t\t<\/div>\n\t\t<\/div>\n\t\t\t\t\t<\/div>\n\t\t<\/section>\n\t\t\t\t<\/div>\n\t\t","protected":false},"excerpt":{"rendered":"<p>Bingo Seiten Bingo Seiten \u00dcber unsere Bewertungen Ob sich ein Bingospieler f\u00fcr ein Bingo-Casino interessiert, geschweige denn sich dort anmeldet, h\u00e4ngt in erster Linie von der Qualit\u00e4t der Website ab. Es gibt jedoch eine Menge Faktoren, die die Qualit\u00e4t einer Bingo-Website bestimmen&nbsp;Casino Stake&nbsp;Bewertungen. Die Auswahl an Spielen, die Boni, die Sicherheit der Website: die Liste [&hellip;]<\/p>\n","protected":false},"author":1,"featured_media":0,"parent":0,"menu_order":0,"comment_status":"closed","ping_status":"closed","template":"elementor_header_footer","meta":{"_acf_changed":false,"footnotes":"","_links_to":"","_links_to_target":""},"class_list":["post-6718","page","type-page","status-publish","hentry"],"acf":[],"yoast_head":"<!-- This site is optimized with the Yoast SEO Premium plugin v24.3 (Yoast SEO v27.5) - https:\/\/yoast.com\/product\/yoast-seo-premium-wordpress\/ -->\n<title>Neue Online Bingo Seiten - Casino Stake Bingo Bewertungen<\/title>\n<meta name=\"description\" content=\"Casino Stake bringt Ihnen die besten neuen Online-Bingoseiten und -Angebote. Lesen Sie unsere Bewertungen und sichern Sie sich die besten Bingo-Angebote!\" \/>\n<meta name=\"robots\" content=\"index, follow, max-snippet:-1, max-image-preview:large, max-video-preview:-1\" \/>\n<link rel=\"canonical\" href=\"https:\/\/www.casinostake.com\/de\/bingo-bewertungen\/\" \/>\n<meta property=\"og:locale\" content=\"de_DE\" \/>\n<meta property=\"og:type\" content=\"article\" \/>\n<meta property=\"og:title\" content=\"Bingo Bewertungen\" \/>\n<meta property=\"og:description\" content=\"Casino Stake bringt Ihnen die besten neuen Online-Bingoseiten und -Angebote. Lesen Sie unsere Bewertungen und sichern Sie sich die besten Bingo-Angebote!\" \/>\n<meta property=\"og:url\" content=\"https:\/\/www.casinostake.com\/de\/bingo-bewertungen\/\" \/>\n<meta property=\"og:site_name\" content=\"Casino Stake\" \/>\n<meta property=\"og:image\" content=\"https:\/\/www.casinostake.com\/wp-content\/uploads\/2024\/02\/CS_Full-Logo-2-Colour22-1.png\" \/>\n\t<meta property=\"og:image:width\" content=\"500\" \/>\n\t<meta property=\"og:image:height\" content=\"208\" \/>\n\t<meta property=\"og:image:type\" content=\"image\/png\" \/>\n<meta name=\"twitter:card\" content=\"summary_large_image\" \/>\n<meta name=\"twitter:label1\" content=\"Gesch\u00e4tzte Lesezeit\" \/>\n\t<meta name=\"twitter:data1\" content=\"9\u00a0Minuten\" \/>\n<script type=\"application\/ld+json\" class=\"yoast-schema-graph\">{\"@context\":\"https:\\\/\\\/schema.org\",\"@graph\":[{\"@type\":\"WebPage\",\"@id\":\"https:\\\/\\\/www.casinostake.com\\\/de\\\/bingo-bewertungen\\\/\",\"url\":\"https:\\\/\\\/www.casinostake.com\\\/de\\\/bingo-bewertungen\\\/\",\"name\":\"Neue Online Bingo Seiten - Casino Stake Bingo Bewertungen\",\"isPartOf\":{\"@id\":\"https:\\\/\\\/www.casinostake.com\\\/de\\\/#website\"},\"datePublished\":\"2025-02-10T09:38:11+00:00\",\"description\":\"Casino Stake bringt Ihnen die besten neuen Online-Bingoseiten und -Angebote. Lesen Sie unsere Bewertungen und sichern Sie sich die besten Bingo-Angebote!\",\"breadcrumb\":{\"@id\":\"https:\\\/\\\/www.casinostake.com\\\/de\\\/bingo-bewertungen\\\/#breadcrumb\"},\"inLanguage\":\"de\",\"potentialAction\":[{\"@type\":\"ReadAction\",\"target\":[\"https:\\\/\\\/www.casinostake.com\\\/de\\\/bingo-bewertungen\\\/\"]}]},{\"@type\":\"BreadcrumbList\",\"@id\":\"https:\\\/\\\/www.casinostake.com\\\/de\\\/bingo-bewertungen\\\/#breadcrumb\",\"itemListElement\":[{\"@type\":\"ListItem\",\"position\":1,\"name\":\"Home\",\"item\":\"https:\\\/\\\/www.casinostake.com\\\/de\\\/\"},{\"@type\":\"ListItem\",\"position\":2,\"name\":\"Bingo Bewertungen\"}]},{\"@type\":\"WebSite\",\"@id\":\"https:\\\/\\\/www.casinostake.com\\\/de\\\/#website\",\"url\":\"https:\\\/\\\/www.casinostake.com\\\/de\\\/\",\"name\":\"Casino Stake\",\"description\":\"\",\"publisher\":{\"@id\":\"https:\\\/\\\/www.casinostake.com\\\/de\\\/#organization\"},\"potentialAction\":[{\"@type\":\"SearchAction\",\"target\":{\"@type\":\"EntryPoint\",\"urlTemplate\":\"https:\\\/\\\/www.casinostake.com\\\/de\\\/?s={search_term_string}\"},\"query-input\":{\"@type\":\"PropertyValueSpecification\",\"valueRequired\":true,\"valueName\":\"search_term_string\"}}],\"inLanguage\":\"de\"},{\"@type\":\"Organization\",\"@id\":\"https:\\\/\\\/www.casinostake.com\\\/de\\\/#organization\",\"name\":\"Casino Stake\",\"url\":\"https:\\\/\\\/www.casinostake.com\\\/de\\\/\",\"logo\":{\"@type\":\"ImageObject\",\"inLanguage\":\"de\",\"@id\":\"https:\\\/\\\/www.casinostake.com\\\/de\\\/#\\\/schema\\\/logo\\\/image\\\/\",\"url\":\"https:\\\/\\\/www.casinostake.com\\\/wp-content\\\/uploads\\\/2024\\\/03\\\/casinostake-logo.jpg\",\"contentUrl\":\"https:\\\/\\\/www.casinostake.com\\\/wp-content\\\/uploads\\\/2024\\\/03\\\/casinostake-logo.jpg\",\"width\":800,\"height\":800,\"caption\":\"Casino Stake\"},\"image\":{\"@id\":\"https:\\\/\\\/www.casinostake.com\\\/de\\\/#\\\/schema\\\/logo\\\/image\\\/\"}}]}<\/script>\n<!-- \/ Yoast SEO Premium plugin. -->","yoast_head_json":{"title":"Neue Online Bingo Seiten - Casino Stake Bingo Bewertungen","description":"Casino Stake bringt Ihnen die besten neuen Online-Bingoseiten und -Angebote. Lesen Sie unsere Bewertungen und sichern Sie sich die besten Bingo-Angebote!","robots":{"index":"index","follow":"follow","max-snippet":"max-snippet:-1","max-image-preview":"max-image-preview:large","max-video-preview":"max-video-preview:-1"},"canonical":"https:\/\/www.casinostake.com\/de\/bingo-bewertungen\/","og_locale":"de_DE","og_type":"article","og_title":"Bingo Bewertungen","og_description":"Casino Stake bringt Ihnen die besten neuen Online-Bingoseiten und -Angebote. Lesen Sie unsere Bewertungen und sichern Sie sich die besten Bingo-Angebote!","og_url":"https:\/\/www.casinostake.com\/de\/bingo-bewertungen\/","og_site_name":"Casino Stake","og_image":[{"width":500,"height":208,"url":"https:\/\/www.casinostake.com\/wp-content\/uploads\/2024\/02\/CS_Full-Logo-2-Colour22-1.png","type":"image\/png"}],"twitter_card":"summary_large_image","twitter_misc":{"Gesch\u00e4tzte Lesezeit":"9\u00a0Minuten"},"schema":{"@context":"https:\/\/schema.org","@graph":[{"@type":"WebPage","@id":"https:\/\/www.casinostake.com\/de\/bingo-bewertungen\/","url":"https:\/\/www.casinostake.com\/de\/bingo-bewertungen\/","name":"Neue Online Bingo Seiten - Casino Stake Bingo Bewertungen","isPartOf":{"@id":"https:\/\/www.casinostake.com\/de\/#website"},"datePublished":"2025-02-10T09:38:11+00:00","description":"Casino Stake bringt Ihnen die besten neuen Online-Bingoseiten und -Angebote. Lesen Sie unsere Bewertungen und sichern Sie sich die besten Bingo-Angebote!","breadcrumb":{"@id":"https:\/\/www.casinostake.com\/de\/bingo-bewertungen\/#breadcrumb"},"inLanguage":"de","potentialAction":[{"@type":"ReadAction","target":["https:\/\/www.casinostake.com\/de\/bingo-bewertungen\/"]}]},{"@type":"BreadcrumbList","@id":"https:\/\/www.casinostake.com\/de\/bingo-bewertungen\/#breadcrumb","itemListElement":[{"@type":"ListItem","position":1,"name":"Home","item":"https:\/\/www.casinostake.com\/de\/"},{"@type":"ListItem","position":2,"name":"Bingo Bewertungen"}]},{"@type":"WebSite","@id":"https:\/\/www.casinostake.com\/de\/#website","url":"https:\/\/www.casinostake.com\/de\/","name":"Casino Stake","description":"","publisher":{"@id":"https:\/\/www.casinostake.com\/de\/#organization"},"potentialAction":[{"@type":"SearchAction","target":{"@type":"EntryPoint","urlTemplate":"https:\/\/www.casinostake.com\/de\/?s={search_term_string}"},"query-input":{"@type":"PropertyValueSpecification","valueRequired":true,"valueName":"search_term_string"}}],"inLanguage":"de"},{"@type":"Organization","@id":"https:\/\/www.casinostake.com\/de\/#organization","name":"Casino Stake","url":"https:\/\/www.casinostake.com\/de\/","logo":{"@type":"ImageObject","inLanguage":"de","@id":"https:\/\/www.casinostake.com\/de\/#\/schema\/logo\/image\/","url":"https:\/\/www.casinostake.com\/wp-content\/uploads\/2024\/03\/casinostake-logo.jpg","contentUrl":"https:\/\/www.casinostake.com\/wp-content\/uploads\/2024\/03\/casinostake-logo.jpg","width":800,"height":800,"caption":"Casino Stake"},"image":{"@id":"https:\/\/www.casinostake.com\/de\/#\/schema\/logo\/image\/"}}]}},"_links":{"self":[{"href":"https:\/\/www.casinostake.com\/de\/wp-json\/wp\/v2\/pages\/6718","targetHints":{"allow":["GET"]}}],"collection":[{"href":"https:\/\/www.casinostake.com\/de\/wp-json\/wp\/v2\/pages"}],"about":[{"href":"https:\/\/www.casinostake.com\/de\/wp-json\/wp\/v2\/types\/page"}],"author":[{"embeddable":true,"href":"https:\/\/www.casinostake.com\/de\/wp-json\/wp\/v2\/users\/1"}],"replies":[{"embeddable":true,"href":"https:\/\/www.casinostake.com\/de\/wp-json\/wp\/v2\/comments?post=6718"}],"version-history":[{"count":16,"href":"https:\/\/www.casinostake.com\/de\/wp-json\/wp\/v2\/pages\/6718\/revisions"}],"predecessor-version":[{"id":10735,"href":"https:\/\/www.casinostake.com\/de\/wp-json\/wp\/v2\/pages\/6718\/revisions\/10735"}],"wp:attachment":[{"href":"https:\/\/www.casinostake.com\/de\/wp-json\/wp\/v2\/media?parent=6718"}],"curies":[{"name":"wp","href":"https:\/\/api.w.org\/{rel}","templated":true}]}}