{"id":6714,"date":"2025-02-03T14:45:47","date_gmt":"2025-02-03T14:45:47","guid":{"rendered":"https:\/\/www.casinostake.com\/slot-seiten\/"},"modified":"2024-08-29T10:56:55","modified_gmt":"2024-08-29T10:56:55","slug":"slot-seiten","status":"publish","type":"page","link":"https:\/\/www.casinostake.com\/de\/slot-seiten\/","title":{"rendered":"Slot-Seiten"},"content":{"rendered":"\t\t<div data-elementor-type=\"wp-page\" data-elementor-id=\"6714\" class=\"elementor elementor-6714 elementor-5361\" data-elementor-post-type=\"page\">\n\t\t\t\t\t\t<section class=\"elementor-section elementor-top-section elementor-element elementor-element-716d8f68 elementor-section-boxed elementor-section-height-default elementor-section-height-default\" data-id=\"716d8f68\" data-element_type=\"section\" data-e-type=\"section\">\n\t\t\t\t\t\t<div class=\"elementor-container elementor-column-gap-default\">\n\t\t\t\t\t<div class=\"elementor-column elementor-col-100 elementor-top-column elementor-element elementor-element-71cf8bbc\" data-id=\"71cf8bbc\" data-element_type=\"column\" data-e-type=\"column\">\n\t\t\t<div class=\"elementor-widget-wrap elementor-element-populated\">\n\t\t\t\t\t\t<div class=\"elementor-element elementor-element-356a009 elementor-hidden-desktop elementor-widget elementor-widget-heading\" data-id=\"356a009\" data-element_type=\"widget\" data-e-type=\"widget\" data-widget_type=\"heading.default\">\n\t\t\t\t<div class=\"elementor-widget-container\">\n\t\t\t\t\t<h2 class=\"elementor-heading-title elementor-size-default\">Slot-Seiten<\/h2>\t\t\t\t<\/div>\n\t\t\t\t<\/div>\n\t\t\t\t<div class=\"elementor-element elementor-element-c6afbf1 elementor-hidden-tablet elementor-hidden-mobile elementor-widget elementor-widget-heading\" data-id=\"c6afbf1\" data-element_type=\"widget\" data-e-type=\"widget\" data-widget_type=\"heading.default\">\n\t\t\t\t<div class=\"elementor-widget-container\">\n\t\t\t\t\t<h2 class=\"elementor-heading-title elementor-size-default\">Slot-Seiten<\/h2>\t\t\t\t<\/div>\n\t\t\t\t<\/div>\n\t\t\t\t<div class=\"elementor-element elementor-element-644ac0c elementor-widget elementor-widget-heading\" data-id=\"644ac0c\" data-element_type=\"widget\" data-e-type=\"widget\" data-widget_type=\"heading.default\">\n\t\t\t\t<div class=\"elementor-widget-container\">\n\t\t\t\t\t<h1 class=\"elementor-heading-title elementor-size-default\">Casino-Einsatz: Ihr Online-Leitfaden f\u00fcr die besten Slot-Seiten<\/h1>\t\t\t\t<\/div>\n\t\t\t\t<\/div>\n\t\t\t\t<div class=\"elementor-element elementor-element-3a0c58c elementor-widget elementor-widget-text-editor\" data-id=\"3a0c58c\" data-element_type=\"widget\" data-e-type=\"widget\" data-widget_type=\"text-editor.default\">\n\t\t\t\t<div class=\"elementor-widget-container\">\n\t\t\t\t\t\t\t\t\t<p>Treten Sie ein in Casino Stake, Ihren ultimativen F\u00fchrer zu den besten Online-Slot-Seiten.<br \/>\nWir haben das Internet durchforstet, um Ihnen eine umfassende Liste der am besten bewerteten Casinos mit spannenden Spielen, gro\u00dfz\u00fcgigen Bonusangeboten und sicherem Spiel zu pr\u00e4sentieren.<br \/>\nEgal, ob Sie ein erfahrener Slot-Enthusiast oder ein Gelegenheitsspieler sind, wir haben alles f\u00fcr Sie.  <\/p>\n<p>Von den neuesten Spielautomaten-Websites bis hin zu etablierten Branchenf\u00fchrern &#8211; unsere Expertenbewertungen und Vergleiche helfen Ihnen, das perfekte Casino f\u00fcr Ihre Vorlieben zu finden.<br \/>\nMachen Sie sich bereit, die Walzen zu drehen und genie\u00dfen Sie den Nervenkitzel von Online-Slots! <\/p>\n\t\t\t\t\t\t\t\t<\/div>\n\t\t\t\t<\/div>\n\t\t\t\t\t<\/div>\n\t\t<\/div>\n\t\t\t\t\t<\/div>\n\t\t<\/section>\n\t\t\t\t<section class=\"elementor-section elementor-top-section elementor-element elementor-element-67979b5 elementor-section-boxed elementor-section-height-default elementor-section-height-default\" data-id=\"67979b5\" data-element_type=\"section\" data-e-type=\"section\">\n\t\t\t\t\t\t<div class=\"elementor-container elementor-column-gap-default\">\n\t\t\t\t\t<div class=\"elementor-column elementor-col-100 elementor-top-column elementor-element elementor-element-9030045\" data-id=\"9030045\" data-element_type=\"column\" data-e-type=\"column\">\n\t\t\t<div class=\"elementor-widget-wrap elementor-element-populated\">\n\t\t\t\t\t\t<div class=\"elementor-element elementor-element-274c312 elementor-grid-1 elementor-grid-tablet-2 elementor-grid-mobile-1 elementor-widget elementor-widget-loop-grid\" data-id=\"274c312\" data-element_type=\"widget\" data-e-type=\"widget\" data-settings=\"{&quot;template_id&quot;:8820,&quot;columns&quot;:1,&quot;pagination_type&quot;:&quot;load_more_on_click&quot;,&quot;_skin&quot;:&quot;post&quot;,&quot;columns_tablet&quot;:&quot;2&quot;,&quot;columns_mobile&quot;:&quot;1&quot;,&quot;edit_handle_selector&quot;:&quot;[data-elementor-type=\\&quot;loop-item\\&quot;]&quot;,&quot;load_more_spinner&quot;:{&quot;value&quot;:&quot;fas fa-spinner&quot;,&quot;library&quot;:&quot;fa-solid&quot;},&quot;row_gap&quot;:{&quot;unit&quot;:&quot;px&quot;,&quot;size&quot;:&quot;&quot;,&quot;sizes&quot;:[]},&quot;row_gap_tablet&quot;:{&quot;unit&quot;:&quot;px&quot;,&quot;size&quot;:&quot;&quot;,&quot;sizes&quot;:[]},&quot;row_gap_mobile&quot;:{&quot;unit&quot;:&quot;px&quot;,&quot;size&quot;:&quot;&quot;,&quot;sizes&quot;:[]}}\" data-widget_type=\"loop-grid.post\">\n\t\t\t\t<div class=\"elementor-widget-container\">\n\t\t\t\t\t\t\t<div class=\"e-loop-nothing-found-message\">\n\t\t<\/div>\n\t\t\t\t\t\t<\/div>\n\t\t\t\t<\/div>\n\t\t\t\t<div class=\"elementor-element elementor-element-de4b43b elementor-widget elementor-widget-text-editor\" data-id=\"de4b43b\" data-element_type=\"widget\" data-e-type=\"widget\" data-widget_type=\"text-editor.default\">\n\t\t\t\t<div class=\"elementor-widget-container\">\n\t\t\t\t\t\t\t\t\t<h2><strong>Software-Anbieter<\/strong><\/h2>\n<p>Die Welt des iGaming ist voll von Software-Titanen, die alle mit schillernden Spielautomaten und vielversprechenden Jackpots um Ihre Aufmerksamkeit wetteifern.<br \/>\nVon den legend\u00e4ren Klassikern von NetEnt bis hin zu den innovativen Spielvarianten von Pragmatic Play &#8211; die M\u00f6glichkeiten sind endlos.<br \/>\nCasino Stake hat sich zum Ziel gesetzt, die Details jedes Entwicklers zu erforschen, die Spitzenreiter von den anderen zu unterscheiden und Ihnen die verlockendsten Angebote zu pr\u00e4sentieren.  <\/p>\n<p>Wir tauchen tief in das Herz eines jeden Softwareanbieters ein und trennen die K\u00f6nigsklasse vom Rest. Unser Auftrag? Um die versteckten Perlen, die atemberaubenden Jackpots und die Anbieter, die wirklich etwas zu bieten haben, zu entdecken.<br \/>\nSie k\u00f6nnen darauf vertrauen, dass Casino Steak Sie zu den besten Spielautomaten f\u00fchrt, die Sie online um echtes Geld spielen k\u00f6nnen! <\/p>\n\t\t\t\t\t\t\t\t<\/div>\n\t\t\t\t<\/div>\n\t\t\t\t<div class=\"elementor-element elementor-element-7688513 elementor-widget elementor-widget-text-editor\" data-id=\"7688513\" data-element_type=\"widget\" data-e-type=\"widget\" data-widget_type=\"text-editor.default\">\n\t\t\t\t<div class=\"elementor-widget-container\">\n\t\t\t\t\t\t\t\t\t<h2><strong>Jackpots<\/strong><\/h2>\n<p>Tr\u00e4umen Sie davon, das gro\u00dfe Los zu ziehen?<br \/>\nUnsere Top-Slot-Seiten sind Ihr goldenes Ticket zu lebensver\u00e4ndernden Gewinnen.<br \/>\nStellen Sie sich vor, Sie drehen die Walzen und knacken einen Jackpot, der Ihre Welt auf den Kopf stellen k\u00f6nnte.<br \/>\nVon progressiven Jackpots, die mit jeder Drehung wachsen, bis hin zum Nervenkitzel zuf\u00e4lliger Gewinne &#8211; es gibt ein Jackpot-Abenteuer f\u00fcr jeden Spieler.   <\/p>\n<p>Entdecken Sie die besten Online-Spielautomaten mit massiven potenziellen Auszahlungen von echtem Geld!<br \/>\nGanz gleich, ob Sie Millionen-Dollar-Tr\u00e4ume verfolgen oder einfach nur auf der Suche nach einem schnellen Geldsegen sind, unsere empfohlenen Seiten bieten eine gro\u00dfe Auswahl an Jackpot-Spielen, die Sie unterhalten und begeistern werden.<br \/>\nEs ist ein Jackpot-Dschungel da drau\u00dfen, aber Casino Stake ist hier, um Sie auf dem Weg zum Online-Casino-Erfolg zu unterst\u00fctzen!  <\/p>\n\t\t\t\t\t\t\t\t<\/div>\n\t\t\t\t<\/div>\n\t\t\t\t<div class=\"elementor-element elementor-element-2af005a elementor-widget elementor-widget-text-editor\" data-id=\"2af005a\" data-element_type=\"widget\" data-e-type=\"widget\" data-widget_type=\"text-editor.default\">\n\t\t\t\t<div class=\"elementor-widget-container\">\n\t\t\t\t\t\t\t\t\t<h2><strong>Boni und Wettanforderungen<\/strong><\/h2>\n<p>Die meisten Plattformen hei\u00dfen Sie mit einem Bonus herzlich willkommen, um Ihr erstes Spielerlebnis noch spannender zu gestalten.<br \/>\nDas entscheidende Element bei der Bewertung verschiedener Online-Bingoseiten ist der Willkommensbonus f\u00fcr die erste Einzahlung, und <a href=\"https:\/\/www.casinostake.com\">Casino Stake<\/a> ist bereit, alle Angebote sorgf\u00e4ltig zu pr\u00fcfen.<br \/>\nUnser Ziel ist es, Ihnen die besten Angebote zu pr\u00e4sentieren und Sie gleichzeitig auf die m\u00f6glichen Fallstricke bei der Auswahl eines ungeeigneten Bonus hinzuweisen.  <\/p>\n<p>Das Vorhandensein von Wettanforderungen hat einen erheblichen Einfluss auf die Bewertung, da niedrigere Anforderungen es leichter machen, die Bonusbedingungen zu erf\u00fcllen und die erzielten Gewinne abzuheben.<br \/>\nWir von Casino Stake haben es uns zur Aufgabe gemacht, die besten Willkommensboni mit optimalen Einsatzbedingungen zu finden.<br \/>\nUnser Engagement stellt sicher, dass Sie den maximalen Nutzen aus Ihrer Einzahlung ziehen und ein Angebot erhalten, das Ihren Spielvorlieben entspricht.  <\/p>\n<p>Dies ist besonders wichtig, wenn man die gro\u00dfe Auswahl an neuen Slot-Seiten und die besten Online-Slots in Gro\u00dfbritannien betrachtet.<br \/>\nGanz gleich, ob Sie ein erfahrener Slot-Enthusiast oder ein Neuling sind, der die Welt der besten Online-Slots zum Spielen um echtes Geld erkundet, ist es wichtig, eine Plattform mit fairen Bonusbedingungen zu finden. <\/p>\n\t\t\t\t\t\t\t\t<\/div>\n\t\t\t\t<\/div>\n\t\t\t\t<div class=\"elementor-element elementor-element-e84dae0 elementor-widget elementor-widget-text-editor\" data-id=\"e84dae0\" data-element_type=\"widget\" data-e-type=\"widget\" data-widget_type=\"text-editor.default\">\n\t\t\t\t<div class=\"elementor-widget-container\">\n\t\t\t\t\t\t\t\t\t<h2><strong><a href=\"https:\/\/www.casinostake.com\/de\/keine-einzahlung-bonus-casino-seiten\/\">Bonus-Seiten ohne Einzahlung<\/a><\/strong><\/h2>\n<p>Nicht jeder ist bereit, sich mit dem Geldbeutel in der Hand kopf\u00fcber in eine <a href=\"https:\/\/www.casinostake.com\/de\/neue-casinos\/\">neue Casino-Website<\/a> zu st\u00fcrzen.<br \/>\nVielleicht testen Sie nur das Wasser, bevor Sie sich festlegen, oder vielleicht ziehen sich die Tage bis zum Zahltag wirklich in die L\u00e4nge.<br \/>\nZum Gl\u00fcck gibt es eine Welt von Bonusangeboten ohne Einzahlung, die auf Sie warten!  <\/p>\n<p>Entdecken Sie hier eine Fundgrube an Optionen ohne Einzahlung.<br \/>\nTauchen Sie ein in aufregende Spieledemos, erkunden Sie die Spannung der handverlesenen Casinos von Casino Stake und erleben Sie die Vorteile aus erster Hand &#8211; und das alles, ohne einen Pfennig auszugeben.<br \/>\nUnd das Beste daran?<br \/>\nSie k\u00f6nnen echte Geldpreise gewinnen, ohne Ihr eigenes Geld zu riskieren.<br \/>\nDiese Boni sind Ihr goldenes Ticket, um neue Spielautomaten-Websites zu testen und zu entscheiden, ob Sie eine Einzahlung vornehmen m\u00f6chten.    <\/p>\n<p>Stellen Sie sich vor, Sie drehen die Walzen Ihrer bevorzugten besten Online-Slots UK, ohne einen Cent auszugeben.<br \/>\nDas ist Ihre Chance, die besten Slots zu entdecken, die Sie online um echtes Geld spielen k\u00f6nnen, ohne sich finanziell zu verpflichten. <\/p>\n<p>Und Websites, die keine Einzahlung vorsehen, erhalten bei Casino Stake zus\u00e4tzliche Punkte!<br \/>\nErkunden Sie alle Seiten, die Anmeldeboni ohne Einzahlungsanforderungen anbieten &#8211; spielen Sie nach Herzenslust!   <\/p>\n<p><a href=\"https:\/\/www.casinostake.com\/de\/keine-einzahlung-bonus-casino-seiten\/\">Mehr \u00fcber Bonusse ohne Einzahlung erfahren Sie hier!<\/a><\/p>\n\t\t\t\t\t\t\t\t<\/div>\n\t\t\t\t<\/div>\n\t\t\t\t<div class=\"elementor-element elementor-element-285ac3d elementor-widget elementor-widget-text-editor\" data-id=\"285ac3d\" data-element_type=\"widget\" data-e-type=\"widget\" data-widget_type=\"text-editor.default\">\n\t\t\t\t<div class=\"elementor-widget-container\">\n\t\t\t\t\t\t\t\t\t<h2><strong>Einzahlungsmethoden<\/strong><\/h2>\n<p>Bei der Auswahl einer Online-Spielautomaten-Website gibt es eine Menge zu beachten.<br \/>\nDie Sicherheit einer Website ist das A und O, vor allem wenn es um Ihr hart verdientes Geld geht.<br \/>\nEin entscheidender Aspekt dabei ist die Auswahl der verf\u00fcgbaren Ein- und Auszahlungsmethoden.<br \/>\nSie m\u00f6chten sicher sein, dass Ihr Geld gut aufgehoben ist und das Risiko, dass es verloren geht, minimal ist.   <\/p>\n<p>Als Pr\u00fcfer ber\u00fccksichtigen wir Faktoren wie Transaktionsgeb\u00fchren, Bearbeitungszeiten und die allgemeine Sicherheit jeder Zahlungsmethode, die von neuen Slot-Seiten angeboten wird.<br \/>\nTraditionelle Optionen wie Debit- und Kreditkarten sind aufgrund ihrer Bequemlichkeit und Sicherheit oft eine beliebte Wahl.<br \/>\nElektronische Geldb\u00f6rsen bieten eine zus\u00e4tzliche Ebene der Anonymit\u00e4t bei gleichzeitiger Wahrung hoher Sicherheitsstandards.<br \/>\nF\u00fcr gr\u00f6\u00dfere Transaktionen sind Bank- und \u00dcberweisungen zuverl\u00e4ssige Optionen.<br \/>\nUnd vergessen Sie nicht die aufregende Welt der Kryptow\u00e4hrungen, allen voran Bitcoin, die einzigartige Vorteile wie erh\u00f6hte Sicherheit und Privatsph\u00e4re bieten.    <\/p>\n<p><a href=\"https:\/\/www.casinostake.com\/de\/beste-krypto-casino-seiten\/\">Entdecken Sie hier die besten Krypto-Casinos<\/a> und erfahren Sie, wie diese digitalen W\u00e4hrungen Ihr Online-Slot-Erlebnis revolutionieren k\u00f6nnen!<\/p>\n\t\t\t\t\t\t\t\t<\/div>\n\t\t\t\t<\/div>\n\t\t\t\t<div class=\"elementor-element elementor-element-282d509 elementor-widget elementor-widget-text-editor\" data-id=\"282d509\" data-element_type=\"widget\" data-e-type=\"widget\" data-widget_type=\"text-editor.default\">\n\t\t\t\t<div class=\"elementor-widget-container\">\n\t\t\t\t\t\t\t\t\t<h2><strong>Mobile Optimierung<\/strong><\/h2>\n<p>In der heutigen Welt dreht sich alles um unsere Telefone, nicht mehr so sehr um unsere PCs.<br \/>\nDeshalb ist es so wichtig, dass Ihre Spiele und Spielautomaten auf Ihrem Smartphone genauso verf\u00fcgbar und fantastisch sind.<br \/>\nAuf diese Weise k\u00f6nnen Sie spielen, wann immer Ihnen danach ist &#8211; egal, ob Sie im Bett liegen, die Zeit bis zum Weckerklingeln totschlagen oder zur Arbeit fahren.  <\/p>\n<p>Wir m\u00f6chten sicherstellen, dass jede Online-Slot-Website ihre Spiele f\u00fcr einen reibungslosen, st\u00f6rungsfreien Ablauf perfektioniert hat, ohne dabei auf eine fantastische Grafik zu verzichten.<br \/>\nIhr Slot-Erlebnis sollte einwandfrei und kristallklar sein, egal ob Sie im Bett spielen oder Ihren morgendlichen Arbeitsweg in Angriff nehmen. <\/p>\n\t\t\t\t\t\t\t\t<\/div>\n\t\t\t\t<\/div>\n\t\t\t\t<div class=\"elementor-element elementor-element-08f3352 elementor-widget elementor-widget-text-editor\" data-id=\"08f3352\" data-element_type=\"widget\" data-e-type=\"widget\" data-widget_type=\"text-editor.default\">\n\t\t\t\t<div class=\"elementor-widget-container\">\n\t\t\t\t\t\t\t\t\t<h2><strong>Warum sollten Sie Casino Stake vertrauen?<\/strong><\/h2>\n<p>Unsere ausf\u00fchrlichen Bewertungen von Spielautomaten-Websites sind Ihr Kompass, um sich in der aufregenden Welt der Online-Spielautomaten zurechtzufinden.<br \/>\nWir analysieren die riesige Landschaft neuer Spielautomaten-Websites akribisch, um die versteckten Juwelen unter den besten Online-Slots, die Gro\u00dfbritannien zu bieten hat, zu entdecken.<br \/>\nUnser Ziel ist es, Ihnen dabei zu helfen, die perfekte Plattform zu finden, auf der Sie die besten Spielautomaten um echtes Geld spielen k\u00f6nnen.  <\/p>\n<p>Sind Sie bereit f\u00fcr Ihr Slot-Abenteuer?<br \/>\nTauchen Sie ein in unsere umfassenden Bewertungen und entdecken Sie Ihre n\u00e4chste Lieblingsspielseite bei Casino Stake. <\/p>\n\t\t\t\t\t\t\t\t<\/div>\n\t\t\t\t<\/div>\n\t\t\t\t\t<\/div>\n\t\t<\/div>\n\t\t\t\t\t<\/div>\n\t\t<\/section>\n\t\t\t\t<\/div>\n\t\t","protected":false},"excerpt":{"rendered":"<p>Slot-Seiten Slot-Seiten Casino-Einsatz: Ihr Online-Leitfaden f\u00fcr die besten Slot-Seiten Treten Sie ein in Casino Stake, Ihren ultimativen F\u00fchrer zu den besten Online-Slot-Seiten. Wir haben das Internet durchforstet, um Ihnen eine umfassende Liste der am besten bewerteten Casinos mit spannenden Spielen, gro\u00dfz\u00fcgigen Bonusangeboten und sicherem Spiel zu pr\u00e4sentieren. Egal, ob Sie ein erfahrener Slot-Enthusiast oder ein [&hellip;]<\/p>\n","protected":false},"author":1,"featured_media":0,"parent":0,"menu_order":0,"comment_status":"closed","ping_status":"closed","template":"elementor_header_footer","meta":{"_acf_changed":false,"footnotes":"","_links_to":"","_links_to_target":""},"class_list":["post-6714","page","type-page","status-publish","hentry"],"acf":[],"yoast_head":"<!-- This site is optimized with the Yoast SEO Premium plugin v24.3 (Yoast SEO v27.5) - https:\/\/yoast.com\/product\/yoast-seo-premium-wordpress\/ -->\n<title>Slot-Seiten - Die besten neuen Online-Slot-Seiten 2024<\/title>\n<meta name=\"description\" content=\"Finden Sie die besten neuen Online-Spielautomaten-Seiten gleich hier bei Casino Stake. Wir haben viele Spielautomaten-Seiten \u00fcberpr\u00fcft, um das beste Angebot zu finden.\" \/>\n<meta name=\"robots\" content=\"index, follow, max-snippet:-1, max-image-preview:large, max-video-preview:-1\" \/>\n<link rel=\"canonical\" href=\"https:\/\/www.casinostake.com\/de\/slot-seiten\/\" \/>\n<meta property=\"og:locale\" content=\"de_DE\" \/>\n<meta property=\"og:type\" content=\"article\" \/>\n<meta property=\"og:title\" content=\"Slot-Seiten\" \/>\n<meta property=\"og:description\" content=\"Finden Sie die besten neuen Online-Spielautomaten-Seiten gleich hier bei Casino Stake. Wir haben viele Spielautomaten-Seiten \u00fcberpr\u00fcft, um das beste Angebot zu finden.\" \/>\n<meta property=\"og:url\" content=\"https:\/\/www.casinostake.com\/de\/slot-seiten\/\" \/>\n<meta property=\"og:site_name\" content=\"Casino Stake\" \/>\n<meta property=\"og:image\" content=\"https:\/\/www.casinostake.com\/wp-content\/uploads\/2024\/02\/CS_Full-Logo-2-Colour22-1.png\" \/>\n\t<meta property=\"og:image:width\" content=\"500\" \/>\n\t<meta property=\"og:image:height\" content=\"208\" \/>\n\t<meta property=\"og:image:type\" content=\"image\/png\" \/>\n<meta name=\"twitter:card\" content=\"summary_large_image\" \/>\n<meta name=\"twitter:label1\" content=\"Gesch\u00e4tzte Lesezeit\" \/>\n\t<meta name=\"twitter:data1\" content=\"17\u00a0Minuten\" \/>\n<script type=\"application\/ld+json\" class=\"yoast-schema-graph\">{\"@context\":\"https:\\\/\\\/schema.org\",\"@graph\":[{\"@type\":\"WebPage\",\"@id\":\"https:\\\/\\\/www.casinostake.com\\\/de\\\/slot-seiten\\\/\",\"url\":\"https:\\\/\\\/www.casinostake.com\\\/de\\\/slot-seiten\\\/\",\"name\":\"Slot-Seiten - Die besten neuen Online-Slot-Seiten 2024\",\"isPartOf\":{\"@id\":\"https:\\\/\\\/www.casinostake.com\\\/de\\\/#website\"},\"datePublished\":\"2025-02-03T14:45:47+00:00\",\"description\":\"Finden Sie die besten neuen Online-Spielautomaten-Seiten gleich hier bei Casino Stake. Wir haben viele Spielautomaten-Seiten \u00fcberpr\u00fcft, um das beste Angebot zu finden.\",\"breadcrumb\":{\"@id\":\"https:\\\/\\\/www.casinostake.com\\\/de\\\/slot-seiten\\\/#breadcrumb\"},\"inLanguage\":\"de\",\"potentialAction\":[{\"@type\":\"ReadAction\",\"target\":[\"https:\\\/\\\/www.casinostake.com\\\/de\\\/slot-seiten\\\/\"]}]},{\"@type\":\"BreadcrumbList\",\"@id\":\"https:\\\/\\\/www.casinostake.com\\\/de\\\/slot-seiten\\\/#breadcrumb\",\"itemListElement\":[{\"@type\":\"ListItem\",\"position\":1,\"name\":\"Home\",\"item\":\"https:\\\/\\\/www.casinostake.com\\\/de\\\/\"},{\"@type\":\"ListItem\",\"position\":2,\"name\":\"Slot-Seiten\"}]},{\"@type\":\"WebSite\",\"@id\":\"https:\\\/\\\/www.casinostake.com\\\/de\\\/#website\",\"url\":\"https:\\\/\\\/www.casinostake.com\\\/de\\\/\",\"name\":\"Casino Stake\",\"description\":\"\",\"publisher\":{\"@id\":\"https:\\\/\\\/www.casinostake.com\\\/de\\\/#organization\"},\"potentialAction\":[{\"@type\":\"SearchAction\",\"target\":{\"@type\":\"EntryPoint\",\"urlTemplate\":\"https:\\\/\\\/www.casinostake.com\\\/de\\\/?s={search_term_string}\"},\"query-input\":{\"@type\":\"PropertyValueSpecification\",\"valueRequired\":true,\"valueName\":\"search_term_string\"}}],\"inLanguage\":\"de\"},{\"@type\":\"Organization\",\"@id\":\"https:\\\/\\\/www.casinostake.com\\\/de\\\/#organization\",\"name\":\"Casino Stake\",\"url\":\"https:\\\/\\\/www.casinostake.com\\\/de\\\/\",\"logo\":{\"@type\":\"ImageObject\",\"inLanguage\":\"de\",\"@id\":\"https:\\\/\\\/www.casinostake.com\\\/de\\\/#\\\/schema\\\/logo\\\/image\\\/\",\"url\":\"https:\\\/\\\/www.casinostake.com\\\/wp-content\\\/uploads\\\/2024\\\/03\\\/casinostake-logo.jpg\",\"contentUrl\":\"https:\\\/\\\/www.casinostake.com\\\/wp-content\\\/uploads\\\/2024\\\/03\\\/casinostake-logo.jpg\",\"width\":800,\"height\":800,\"caption\":\"Casino Stake\"},\"image\":{\"@id\":\"https:\\\/\\\/www.casinostake.com\\\/de\\\/#\\\/schema\\\/logo\\\/image\\\/\"}}]}<\/script>\n<!-- \/ Yoast SEO Premium plugin. -->","yoast_head_json":{"title":"Slot-Seiten - Die besten neuen Online-Slot-Seiten 2024","description":"Finden Sie die besten neuen Online-Spielautomaten-Seiten gleich hier bei Casino Stake. Wir haben viele Spielautomaten-Seiten \u00fcberpr\u00fcft, um das beste Angebot zu finden.","robots":{"index":"index","follow":"follow","max-snippet":"max-snippet:-1","max-image-preview":"max-image-preview:large","max-video-preview":"max-video-preview:-1"},"canonical":"https:\/\/www.casinostake.com\/de\/slot-seiten\/","og_locale":"de_DE","og_type":"article","og_title":"Slot-Seiten","og_description":"Finden Sie die besten neuen Online-Spielautomaten-Seiten gleich hier bei Casino Stake. Wir haben viele Spielautomaten-Seiten \u00fcberpr\u00fcft, um das beste Angebot zu finden.","og_url":"https:\/\/www.casinostake.com\/de\/slot-seiten\/","og_site_name":"Casino Stake","og_image":[{"width":500,"height":208,"url":"https:\/\/www.casinostake.com\/wp-content\/uploads\/2024\/02\/CS_Full-Logo-2-Colour22-1.png","type":"image\/png"}],"twitter_card":"summary_large_image","twitter_misc":{"Gesch\u00e4tzte Lesezeit":"17\u00a0Minuten"},"schema":{"@context":"https:\/\/schema.org","@graph":[{"@type":"WebPage","@id":"https:\/\/www.casinostake.com\/de\/slot-seiten\/","url":"https:\/\/www.casinostake.com\/de\/slot-seiten\/","name":"Slot-Seiten - Die besten neuen Online-Slot-Seiten 2024","isPartOf":{"@id":"https:\/\/www.casinostake.com\/de\/#website"},"datePublished":"2025-02-03T14:45:47+00:00","description":"Finden Sie die besten neuen Online-Spielautomaten-Seiten gleich hier bei Casino Stake. Wir haben viele Spielautomaten-Seiten \u00fcberpr\u00fcft, um das beste Angebot zu finden.","breadcrumb":{"@id":"https:\/\/www.casinostake.com\/de\/slot-seiten\/#breadcrumb"},"inLanguage":"de","potentialAction":[{"@type":"ReadAction","target":["https:\/\/www.casinostake.com\/de\/slot-seiten\/"]}]},{"@type":"BreadcrumbList","@id":"https:\/\/www.casinostake.com\/de\/slot-seiten\/#breadcrumb","itemListElement":[{"@type":"ListItem","position":1,"name":"Home","item":"https:\/\/www.casinostake.com\/de\/"},{"@type":"ListItem","position":2,"name":"Slot-Seiten"}]},{"@type":"WebSite","@id":"https:\/\/www.casinostake.com\/de\/#website","url":"https:\/\/www.casinostake.com\/de\/","name":"Casino Stake","description":"","publisher":{"@id":"https:\/\/www.casinostake.com\/de\/#organization"},"potentialAction":[{"@type":"SearchAction","target":{"@type":"EntryPoint","urlTemplate":"https:\/\/www.casinostake.com\/de\/?s={search_term_string}"},"query-input":{"@type":"PropertyValueSpecification","valueRequired":true,"valueName":"search_term_string"}}],"inLanguage":"de"},{"@type":"Organization","@id":"https:\/\/www.casinostake.com\/de\/#organization","name":"Casino Stake","url":"https:\/\/www.casinostake.com\/de\/","logo":{"@type":"ImageObject","inLanguage":"de","@id":"https:\/\/www.casinostake.com\/de\/#\/schema\/logo\/image\/","url":"https:\/\/www.casinostake.com\/wp-content\/uploads\/2024\/03\/casinostake-logo.jpg","contentUrl":"https:\/\/www.casinostake.com\/wp-content\/uploads\/2024\/03\/casinostake-logo.jpg","width":800,"height":800,"caption":"Casino Stake"},"image":{"@id":"https:\/\/www.casinostake.com\/de\/#\/schema\/logo\/image\/"}}]}},"_links":{"self":[{"href":"https:\/\/www.casinostake.com\/de\/wp-json\/wp\/v2\/pages\/6714","targetHints":{"allow":["GET"]}}],"collection":[{"href":"https:\/\/www.casinostake.com\/de\/wp-json\/wp\/v2\/pages"}],"about":[{"href":"https:\/\/www.casinostake.com\/de\/wp-json\/wp\/v2\/types\/page"}],"author":[{"embeddable":true,"href":"https:\/\/www.casinostake.com\/de\/wp-json\/wp\/v2\/users\/1"}],"replies":[{"embeddable":true,"href":"https:\/\/www.casinostake.com\/de\/wp-json\/wp\/v2\/comments?post=6714"}],"version-history":[{"count":17,"href":"https:\/\/www.casinostake.com\/de\/wp-json\/wp\/v2\/pages\/6714\/revisions"}],"predecessor-version":[{"id":10829,"href":"https:\/\/www.casinostake.com\/de\/wp-json\/wp\/v2\/pages\/6714\/revisions\/10829"}],"wp:attachment":[{"href":"https:\/\/www.casinostake.com\/de\/wp-json\/wp\/v2\/media?parent=6714"}],"curies":[{"name":"wp","href":"https:\/\/api.w.org\/{rel}","templated":true}]}}