{"id":6695,"date":"2025-02-02T13:48:11","date_gmt":"2025-02-02T13:48:11","guid":{"rendered":"https:\/\/www.casinostake.com\/slot-spiele\/"},"modified":"2024-08-29T10:57:40","modified_gmt":"2024-08-29T10:57:40","slug":"slot-spiele","status":"publish","type":"page","link":"https:\/\/www.casinostake.com\/de\/slot-spiele\/","title":{"rendered":"Spielautomaten Spiele"},"content":{"rendered":"\t\t<div data-elementor-type=\"wp-page\" data-elementor-id=\"6695\" class=\"elementor elementor-6695 elementor-5327\" data-elementor-post-type=\"page\">\n\t\t\t\t\t\t<section class=\"elementor-section elementor-top-section elementor-element elementor-element-716d8f68 elementor-section-boxed elementor-section-height-default elementor-section-height-default\" data-id=\"716d8f68\" data-element_type=\"section\" data-e-type=\"section\">\n\t\t\t\t\t\t<div class=\"elementor-container elementor-column-gap-default\">\n\t\t\t\t\t<div class=\"elementor-column elementor-col-100 elementor-top-column elementor-element elementor-element-71cf8bbc\" data-id=\"71cf8bbc\" data-element_type=\"column\" data-e-type=\"column\">\n\t\t\t<div class=\"elementor-widget-wrap elementor-element-populated\">\n\t\t\t\t\t\t<div class=\"elementor-element elementor-element-356a009 elementor-hidden-desktop elementor-widget elementor-widget-heading\" data-id=\"356a009\" data-element_type=\"widget\" data-e-type=\"widget\" data-widget_type=\"heading.default\">\n\t\t\t\t<div class=\"elementor-widget-container\">\n\t\t\t\t\t<h2 class=\"elementor-heading-title elementor-size-default\">Spielautomaten Spiele<\/h2>\t\t\t\t<\/div>\n\t\t\t\t<\/div>\n\t\t\t\t<div class=\"elementor-element elementor-element-c03a413 elementor-hidden-tablet elementor-hidden-mobile elementor-widget elementor-widget-heading\" data-id=\"c03a413\" data-element_type=\"widget\" data-e-type=\"widget\" data-widget_type=\"heading.default\">\n\t\t\t\t<div class=\"elementor-widget-container\">\n\t\t\t\t\t<h2 class=\"elementor-heading-title elementor-size-default\">Spielautomaten Spiele<\/h2>\t\t\t\t<\/div>\n\t\t\t\t<\/div>\n\t\t\t\t<div class=\"elementor-element elementor-element-dc75224 elementor-widget elementor-widget-heading\" data-id=\"dc75224\" data-element_type=\"widget\" data-e-type=\"widget\" data-widget_type=\"heading.default\">\n\t\t\t\t<div class=\"elementor-widget-container\">\n\t\t\t\t\t<h1 class=\"elementor-heading-title elementor-size-default\">Knacken Sie den Jackpot mit Casino Stake: Enth\u00fcllung der besten Online-Slot-Spiele<\/h1>\t\t\t\t<\/div>\n\t\t\t\t<\/div>\n\t\t\t\t<div class=\"elementor-element elementor-element-0360a1e elementor-widget elementor-widget-text-editor\" data-id=\"0360a1e\" data-element_type=\"widget\" data-e-type=\"widget\" data-widget_type=\"text-editor.default\">\n\t\t\t\t<div class=\"elementor-widget-container\">\n\t\t\t\t\t\t\t\t\t<p>Als Ihr Partner bei der Suche nach den besten und zuverl\u00e4ssigsten Online-Casino-Websites hat <a href=\"https:\/\/www.casinostake.com\/de\/\" target=\"_blank\" rel=\"noopener\">Casino Stake<\/a> die digitale Landschaft durchforstet, um Ihnen eine Sammlung der besten Spielautomaten-Spiele zu pr\u00e4sentieren, die Sie online um echtes Geld spielen k\u00f6nnen!<br \/>\nUnser Expertenteam hat jedes Spiel, von den neuesten Ver\u00f6ffentlichungen bis hin zu den Klassikern, sorgf\u00e4ltig gepr\u00fcft, um sicherzustellen, dass Sie nur das Beste bekommen.<br \/>\nEntdecken Sie verborgene Jackpot-Sch\u00e4tze, erkunden Sie spannende Bonusfunktionen und erh\u00f6hen Sie Ihre Gewinnchancen mit unseren ausf\u00fchrlichen Bewertungen und Expertenwissen.  <\/p>\n<p>Wir f\u00fchren eine akribische Pr\u00fcfung durch, bei der wir die Themen, Funktionen, Boni und Anbieter einer gro\u00dfen Anzahl der besten Online-Slot-Spiele ber\u00fccksichtigen.<br \/>\nMachen Sie sich bereit, die Walzen zu drehen und erleben Sie das ultimative Online-Slot-Abenteuer mit Casino Stake. <\/p>\n\t\t\t\t\t\t\t\t<\/div>\n\t\t\t\t<\/div>\n\t\t\t\t\t<\/div>\n\t\t<\/div>\n\t\t\t\t\t<\/div>\n\t\t<\/section>\n\t\t\t\t<section class=\"elementor-section elementor-top-section elementor-element elementor-element-67979b5 elementor-section-boxed elementor-section-height-default elementor-section-height-default\" data-id=\"67979b5\" data-element_type=\"section\" data-e-type=\"section\">\n\t\t\t\t\t\t<div class=\"elementor-container elementor-column-gap-default\">\n\t\t\t\t\t<div class=\"elementor-column elementor-col-100 elementor-top-column elementor-element elementor-element-9030045\" data-id=\"9030045\" data-element_type=\"column\" data-e-type=\"column\">\n\t\t\t<div class=\"elementor-widget-wrap elementor-element-populated\">\n\t\t\t\t\t\t<div class=\"elementor-element elementor-element-4b46936 elementor-grid-1 elementor-grid-tablet-2 elementor-grid-mobile-1 elementor-widget elementor-widget-loop-grid\" data-id=\"4b46936\" data-element_type=\"widget\" data-e-type=\"widget\" data-settings=\"{&quot;template_id&quot;:8820,&quot;columns&quot;:1,&quot;pagination_type&quot;:&quot;load_more_on_click&quot;,&quot;_skin&quot;:&quot;post&quot;,&quot;columns_tablet&quot;:&quot;2&quot;,&quot;columns_mobile&quot;:&quot;1&quot;,&quot;edit_handle_selector&quot;:&quot;[data-elementor-type=\\&quot;loop-item\\&quot;]&quot;,&quot;load_more_spinner&quot;:{&quot;value&quot;:&quot;fas fa-spinner&quot;,&quot;library&quot;:&quot;fa-solid&quot;},&quot;row_gap&quot;:{&quot;unit&quot;:&quot;px&quot;,&quot;size&quot;:&quot;&quot;,&quot;sizes&quot;:[]},&quot;row_gap_tablet&quot;:{&quot;unit&quot;:&quot;px&quot;,&quot;size&quot;:&quot;&quot;,&quot;sizes&quot;:[]},&quot;row_gap_mobile&quot;:{&quot;unit&quot;:&quot;px&quot;,&quot;size&quot;:&quot;&quot;,&quot;sizes&quot;:[]}}\" data-widget_type=\"loop-grid.post\">\n\t\t\t\t<div class=\"elementor-widget-container\">\n\t\t\t\t\t\t\t<div class=\"e-loop-nothing-found-message\">\n\t\t<\/div>\n\t\t\t\t\t\t<\/div>\n\t\t\t\t<\/div>\n\t\t\t\t<div class=\"elementor-element elementor-element-6489153 elementor-widget elementor-widget-text-editor\" data-id=\"6489153\" data-element_type=\"widget\" data-e-type=\"widget\" data-widget_type=\"text-editor.default\">\n\t\t\t\t<div class=\"elementor-widget-container\">\n\t\t\t\t\t\t\t\t\t<h2><strong>Spielautomat<\/strong><strong> Spiel-Themen<\/strong><\/h2>\n<p>Casino Stake bietet eine gro\u00dfe Auswahl an erstklassigen Spielautomaten, von denen jeder ein einzigartiges Thema bietet, um jedem Spieler gerecht zu werden.<br \/>\nVon klassischen irischen und chinesischen Gl\u00fccksspielautomaten bis hin zu abenteuerlichen Weltraum-Odysseen und bodenst\u00e4ndigen Bauernhof-Eskapaden ist f\u00fcr jeden etwas dabei.<br \/>\nEntdecken Sie antike Sch\u00e4tze in <a href=\"https:\/\/www.casinostake.com\/de\/slot-review-leitfaden-book-of-dead\/\">Book of Dead<\/a>, wo das Gl\u00fcck in den \u00e4gyptischen Pyramiden auf Sie wartet.<br \/>\nEntfesseln Sie die Macht der G\u00f6tter in <a href=\"https:\/\/www.casinostake.com\/de\/gates-of-olympus-spielautomat-im-antiken-griechischen-stil-rezension\/\">Gates of Olympus<\/a> f\u00fcr epische Gewinne oder fr\u00f6nen Sie Ihrem s\u00fc\u00dfen Zahn f\u00fcr explosive Belohnungen in <a href=\"https:\/\/www.casinostake.com\/de\/spielautomaten-rezension-sweet-bonanza\/\">Sweet Bonanza.<\/a> F\u00fcr diejenigen, die das orientalische Gl\u00fcck suchen, bietet <a href=\"https:\/\/www.casinostake.com\/de\/fortune-tiger-spielautomaten-rezension\/\">Fortune Tiger<\/a> ein spannendes Spiel und gro\u00dfe Gewinne.<br \/>\nBei Tausenden von verschiedenen Spielautomaten, darunter viele der besten Slots, die Sie online um echtes Geld spielen k\u00f6nnen, finden Sie garantiert Ihr perfektes Spiel.    <\/p>\n\t\t\t\t\t\t\t\t<\/div>\n\t\t\t\t<\/div>\n\t\t\t\t<div class=\"elementor-element elementor-element-34bf42c elementor-widget elementor-widget-text-editor\" data-id=\"34bf42c\" data-element_type=\"widget\" data-e-type=\"widget\" data-widget_type=\"text-editor.default\">\n\t\t\t\t<div class=\"elementor-widget-container\">\n\t\t\t\t\t\t\t\t\t<h2><strong>Spielautomat<\/strong><strong> Spiel Eigenschaften<\/strong><\/h2>\n<p>Haben Sie Lust auf das klassische Vegas?<br \/>\nTraditionelle Spielautomaten bieten ein nostalgisches Erlebnis mit einfachen Ein-Walzen-Systemen, die an die urspr\u00fcnglichen mechanischen Maschinen erinnern.<br \/>\nDie Welt der Online-Slots hat sich jedoch weit \u00fcber diese Grundlagen hinaus entwickelt.  <\/p>\n<p>Die heutigen Top-Spielautomaten zeichnen sich durch atemberaubende Grafiken, fesselnde Animationen und aufregende Bonusfunktionen aus, die das Spielgeschehen auf ein neues Niveau heben.<br \/>\nVon spannenden Freispielen und interaktiven Minispielen bis hin zu lebensver\u00e4ndernden progressiven Jackpots gibt es etwas, das jeden Spieler fesselt. <\/p>\n<p>Das Wild-Symbol ist ein Eckpfeiler vieler der besten Spielautomaten, die Sie online um echtes Geld spielen k\u00f6nnen.<br \/>\nDieses vielseitige Symbol kann andere Symbole ersetzen, um Gewinnkombinationen zu bilden.<br \/>\nZu den aufregendsten Variationen geh\u00f6ren expandierende Joker, die ganze Walzen abdecken, Gewinne multiplizieren oder Bonusrunden freischalten.  <\/p>\n<p>Neben Jokersymbolen sind Scatter-Symbole der Schl\u00fcssel zum Freischalten von Bonusfunktionen wie Freispielen.<br \/>\nDiese Runden sind oft mit Multiplikatoren oder zus\u00e4tzlichen Jokersymbolen ausgestattet, die Ihre Chancen auf gro\u00dfe Gewinne deutlich erh\u00f6hen.<br \/>\nMultiplikatoren selbst k\u00f6nnen kleine Gewinne in betr\u00e4chtliche Auszahlungen verwandeln und so Ihr Spiel noch spannender machen.  <\/p>\n\t\t\t\t\t\t\t\t<\/div>\n\t\t\t\t<\/div>\n\t\t\t\t<div class=\"elementor-element elementor-element-881dc0d elementor-widget elementor-widget-text-editor\" data-id=\"881dc0d\" data-element_type=\"widget\" data-e-type=\"widget\" data-widget_type=\"text-editor.default\">\n\t\t\t\t<div class=\"elementor-widget-container\">\n\t\t\t\t\t\t\t\t\t<h2><strong>Spielautomat<\/strong><strong> Spiel Jackpots<\/strong><\/h2>\n<p>Es ist nicht zu leugnen: Die Verlockung riesiger Jackpots ist das, was den Reiz von Online-Slot-Spielen ausmacht.<br \/>\nEs gibt kein besseres Gef\u00fchl, als einen kleinen Einsatz mit einem einzigen Dreh in ein lebensver\u00e4nderndes Verm\u00f6gen zu verwandeln! <\/p>\n<p>Megaways Spielautomaten haben die Branche revolutioniert und bieten Spielern unz\u00e4hlige M\u00f6glichkeiten zu gewinnen.<br \/>\nSie sind nicht nur ein Anbieter, sondern Megaways Spielautomaten sind ein innovatives Merkmal, das Sie oft an dem goldenen Megaways-Symbol erkennen.<br \/>\nMegaways-Spielautomaten verwenden dynamische Walzen mit wechselnden Symbolen bei jeder Drehung und schaffen so Tausende von M\u00f6glichkeiten f\u00fcr gro\u00dfe Gewinne.  <\/p>\n<p>Von progressiven Jackpots, die mit jedem Einsatz wachsen, bis hin zu festen Jackpots mit garantierten Gewinnsummen &#8211; die M\u00f6glichkeiten sind vielf\u00e4ltig.<br \/>\nDer Nervenkitzel, wenn Sie sehen, wie der Jackpotbetrag immer h\u00f6her steigt, ist unbestreitbar.<br \/>\nZuf\u00e4llige Jackpots sorgen f\u00fcr zus\u00e4tzliche Spannung, denn sie k\u00f6nnen jeden Moment eintreten und die Spieler mit unerwarteten Gewinnen \u00fcberraschen.<br \/>\nBei so vielen Jackpot-Varianten und dem Potenzial f\u00fcr lebensver\u00e4ndernde Gewinne ist es kein Wunder, dass die Spieler vom Nervenkitzel der Jagd gefesselt sind.   <\/p>\n<p>Sie k\u00f6nnen sich darauf verlassen, dass Casino Stake Sie durch die besten Jackpots der Top-Spielautomaten f\u00fchrt.<\/p>\n\t\t\t\t\t\t\t\t<\/div>\n\t\t\t\t<\/div>\n\t\t\t\t<div class=\"elementor-element elementor-element-04d1df6 elementor-widget elementor-widget-text-editor\" data-id=\"04d1df6\" data-element_type=\"widget\" data-e-type=\"widget\" data-widget_type=\"text-editor.default\">\n\t\t\t\t<div class=\"elementor-widget-container\">\n\t\t\t\t\t\t\t\t\t<h2><strong>Mobile Optimierung f\u00fcr Slot-Spiele<\/strong><\/h2>\n<p>Wer sagt, dass der Casino-Spa\u00df aufh\u00f6ren muss, wenn Sie das Geb\u00e4ude verlassen?<br \/>\nBei dem heutigen schnelllebigen Lebensstil ist es unerl\u00e4sslich, jederzeit und \u00fcberall Zugang zu den besten Slot-Spielen zu haben.<br \/>\nDeshalb hat die mobile Optimierung f\u00fcr uns bei Casino Stake oberste Priorit\u00e4t.  <\/p>\n<p>Wir wissen, dass Smartphones unsere st\u00e4ndigen Begleiter sind. Deshalb suchen wir nach Entwicklern, die sich auf die Entwicklung nahtloser mobiler Spielerlebnisse konzentrieren.<br \/>\nEgal, ob Sie unterwegs sind, sich zu Hause entspannen oder einfach nur eine Pause einlegen, Sie k\u00f6nnen dieselben erstklassigen Grafiken, spannenden Funktionen und aufregenden Jackpots genie\u00dfen wie auf Ihrem Desktop.<br \/>\nBei einer Auswahl von <a href=\"https:\/\/www.casinostake.com\/de\/beste-pay-by-mobile-casino-seiten\/\">Pay by Mobile Casinos<\/a> k\u00f6nnen Sie sogar mit Ihrem Handy bezahlen.<br \/>\nDas Engagement von Casino Stake f\u00fcr die mobile Optimierung sorgt daf\u00fcr, dass Sie die Walzen drehen und den gro\u00dfen Gewinnen hinterherjagen k\u00f6nnen, wo auch immer das Leben Sie hinf\u00fchrt.   <\/p>\n\t\t\t\t\t\t\t\t<\/div>\n\t\t\t\t<\/div>\n\t\t\t\t<div class=\"elementor-element elementor-element-77ae162 elementor-widget elementor-widget-text-editor\" data-id=\"77ae162\" data-element_type=\"widget\" data-e-type=\"widget\" data-widget_type=\"text-editor.default\">\n\t\t\t\t<div class=\"elementor-widget-container\">\n\t\t\t\t\t\t\t\t\t<h2><strong>Spielautomat<\/strong><strong> Spiel-Anbieter<\/strong><\/h2>\n<p>Wer sind die kreativen Genies hinter den Top-Slot-Spielen?<br \/>\nTauchen wir ein in die Welt der Anbieter von Automatenspielen.<br \/>\nZweifellos haben Sie schon von Branchenriesen wie Microgaming, NetEnt und Evolution Gaming geh\u00f6rt.<br \/>\nDiese Giganten haben immer wieder bahnbrechende Titel entwickelt, die die Spieler mit atemberaubenden Grafiken, innovativen Funktionen und lebensver\u00e4ndernden Jackpots in ihren Bann ziehen.   <\/p>\n<p>Aber die Welt der Spielautomaten ist mehr als nur ein paar gro\u00dfe Namen.<br \/>\nWir haben es uns zur Aufgabe gemacht, die versteckten Perlen zu entdecken, die aufstrebenden Stars, die die Branche mit frischen Perspektiven und aufregenden neuen Konzepten aufr\u00fctteln.<br \/>\nVon klassischen Spielautomaten bis hin zu hochmodernen Slot-Abenteuern werden wir das gesamte Spektrum der Slot-Anbieter erkunden.<br \/>\nWir untersuchen, wie die verschiedenen Studios an Themen, Funktionen und Spielmechanismen herangehen und geben Ihnen einen Einblick, was Sie von ihren Kreationen erwarten k\u00f6nnen.<br \/>\nVon etablierten Giganten bis hin zu vielversprechenden Newcomern werden wir die Entwickler hinter Ihren Lieblings-Spielautomaten aufdecken und Ihnen spannende neue Optionen vorstellen.    <\/p>\n\t\t\t\t\t\t\t\t<\/div>\n\t\t\t\t<\/div>\n\t\t\t\t<div class=\"elementor-element elementor-element-187e32b elementor-widget elementor-widget-text-editor\" data-id=\"187e32b\" data-element_type=\"widget\" data-e-type=\"widget\" data-widget_type=\"text-editor.default\">\n\t\t\t\t<div class=\"elementor-widget-container\">\n\t\t\t\t\t\t\t\t\t<h2><strong>Warum sollten Sie Casino Stake vertrauen?<\/strong><\/h2>\n<p>Wir von <a href=\"https:\/\/www.casinostake.com\">Casino Stake<\/a> haben es uns zur Aufgabe gemacht, Ihr ultimativer Ratgeber in der aufregenden Welt der Online-Automatenspiele zu sein.<br \/>\nUnsere Leidenschaft ist es, Ihnen die Informationen und Tools zur Verf\u00fcgung zu stellen, die Sie ben\u00f6tigen, um fundierte Entscheidungen zu treffen und das Beste aus Ihrem Online-Gl\u00fccksspiel zu machen. <\/p>\n<p>Unser Expertenteam recherchiert und bewertet akribisch eine Vielzahl von Spielautomaten und konzentriert sich dabei auf Faktoren wie Themen, Funktionen, Jackpots und mobile Kompatibilit\u00e4t.<br \/>\nWir verpflichten uns, unvoreingenommene und ehrliche Bewertungen abzugeben und Ihnen dabei zu helfen, die besten Spielautomaten zu entdecken, die Ihren Vorlieben und Ihrem Spielstil entsprechen. <\/p>\n<p>In unseren ausf\u00fchrlichen Online-Casinobewertungen finden Sie Empfehlungen f\u00fcr die besten Spielautomaten, die Sie online um echtes Geld spielen k\u00f6nnen.<br \/>\nDiese Bewertungen sind nur ein Teil unseres umfassenden Leitfadens zu den besten Online-Casinos auf dem Markt. <\/p>\n<p>Ob Sie nun ein erfahrener Spielautomatenliebhaber oder ein Gelegenheitsspieler sind, Casino Stake ist Ihr zuverl\u00e4ssiger Begleiter auf der Suche nach spannenden Online-Spielen.<\/p>\n\t\t\t\t\t\t\t\t<\/div>\n\t\t\t\t<\/div>\n\t\t\t\t\t<\/div>\n\t\t<\/div>\n\t\t\t\t\t<\/div>\n\t\t<\/section>\n\t\t\t\t<\/div>\n\t\t","protected":false},"excerpt":{"rendered":"<p>Spielautomaten Spiele Spielautomaten Spiele Knacken Sie den Jackpot mit Casino Stake: Enth\u00fcllung der besten Online-Slot-Spiele Als Ihr Partner bei der Suche nach den besten und zuverl\u00e4ssigsten Online-Casino-Websites hat Casino Stake die digitale Landschaft durchforstet, um Ihnen eine Sammlung der besten Spielautomaten-Spiele zu pr\u00e4sentieren, die Sie online um echtes Geld spielen k\u00f6nnen! Unser Expertenteam hat jedes [&hellip;]<\/p>\n","protected":false},"author":1,"featured_media":0,"parent":0,"menu_order":0,"comment_status":"closed","ping_status":"closed","template":"elementor_header_footer","meta":{"_acf_changed":false,"footnotes":"","_links_to":"","_links_to_target":""},"class_list":["post-6695","page","type-page","status-publish","hentry"],"acf":[],"yoast_head":"<!-- This site is optimized with the Yoast SEO Premium plugin v24.3 (Yoast SEO v27.4) - https:\/\/yoast.com\/product\/yoast-seo-premium-wordpress\/ -->\n<title>Slot Spiel Angebote - April Bonus Codes<\/title>\n<meta name=\"description\" content=\"Finden Sie die besten Online-Spielautomaten mit Casino-Einsatz. Wir haben die besten Online-Spielautomaten und Angebote f\u00fcr 2024 gepr\u00fcft.\" \/>\n<meta name=\"robots\" content=\"index, follow, max-snippet:-1, max-image-preview:large, max-video-preview:-1\" \/>\n<link rel=\"canonical\" href=\"https:\/\/www.casinostake.com\/de\/slot-spiele\/\" \/>\n<meta property=\"og:locale\" content=\"de_DE\" \/>\n<meta property=\"og:type\" content=\"article\" \/>\n<meta property=\"og:title\" content=\"Spielautomaten Spiele\" \/>\n<meta property=\"og:description\" content=\"Finden Sie die besten Online-Spielautomaten mit Casino-Einsatz. Wir haben die besten Online-Spielautomaten und Angebote f\u00fcr 2024 gepr\u00fcft.\" \/>\n<meta property=\"og:url\" content=\"https:\/\/www.casinostake.com\/de\/slot-spiele\/\" \/>\n<meta property=\"og:site_name\" content=\"Casino Stake\" \/>\n<meta property=\"og:image\" content=\"https:\/\/www.casinostake.com\/wp-content\/uploads\/2024\/02\/CS_Full-Logo-2-Colour22-1.png\" \/>\n\t<meta property=\"og:image:width\" content=\"500\" \/>\n\t<meta property=\"og:image:height\" content=\"208\" \/>\n\t<meta property=\"og:image:type\" content=\"image\/png\" \/>\n<meta name=\"twitter:card\" content=\"summary_large_image\" \/>\n<meta name=\"twitter:label1\" content=\"Gesch\u00e4tzte Lesezeit\" \/>\n\t<meta name=\"twitter:data1\" content=\"11\u00a0Minuten\" \/>\n<script type=\"application\/ld+json\" class=\"yoast-schema-graph\">{\"@context\":\"https:\\\/\\\/schema.org\",\"@graph\":[{\"@type\":\"WebPage\",\"@id\":\"https:\\\/\\\/www.casinostake.com\\\/de\\\/slot-spiele\\\/\",\"url\":\"https:\\\/\\\/www.casinostake.com\\\/de\\\/slot-spiele\\\/\",\"name\":\"Slot Spiel Angebote - April Bonus Codes\",\"isPartOf\":{\"@id\":\"https:\\\/\\\/www.casinostake.com\\\/de\\\/#website\"},\"datePublished\":\"2025-02-02T13:48:11+00:00\",\"description\":\"Finden Sie die besten Online-Spielautomaten mit Casino-Einsatz. Wir haben die besten Online-Spielautomaten und Angebote f\u00fcr 2024 gepr\u00fcft.\",\"breadcrumb\":{\"@id\":\"https:\\\/\\\/www.casinostake.com\\\/de\\\/slot-spiele\\\/#breadcrumb\"},\"inLanguage\":\"de\",\"potentialAction\":[{\"@type\":\"ReadAction\",\"target\":[\"https:\\\/\\\/www.casinostake.com\\\/de\\\/slot-spiele\\\/\"]}]},{\"@type\":\"BreadcrumbList\",\"@id\":\"https:\\\/\\\/www.casinostake.com\\\/de\\\/slot-spiele\\\/#breadcrumb\",\"itemListElement\":[{\"@type\":\"ListItem\",\"position\":1,\"name\":\"Home\",\"item\":\"https:\\\/\\\/www.casinostake.com\\\/de\\\/\"},{\"@type\":\"ListItem\",\"position\":2,\"name\":\"Spielautomaten Spiele\"}]},{\"@type\":\"WebSite\",\"@id\":\"https:\\\/\\\/www.casinostake.com\\\/de\\\/#website\",\"url\":\"https:\\\/\\\/www.casinostake.com\\\/de\\\/\",\"name\":\"Casino Stake\",\"description\":\"\",\"publisher\":{\"@id\":\"https:\\\/\\\/www.casinostake.com\\\/de\\\/#organization\"},\"potentialAction\":[{\"@type\":\"SearchAction\",\"target\":{\"@type\":\"EntryPoint\",\"urlTemplate\":\"https:\\\/\\\/www.casinostake.com\\\/de\\\/?s={search_term_string}\"},\"query-input\":{\"@type\":\"PropertyValueSpecification\",\"valueRequired\":true,\"valueName\":\"search_term_string\"}}],\"inLanguage\":\"de\"},{\"@type\":\"Organization\",\"@id\":\"https:\\\/\\\/www.casinostake.com\\\/de\\\/#organization\",\"name\":\"Casino Stake\",\"url\":\"https:\\\/\\\/www.casinostake.com\\\/de\\\/\",\"logo\":{\"@type\":\"ImageObject\",\"inLanguage\":\"de\",\"@id\":\"https:\\\/\\\/www.casinostake.com\\\/de\\\/#\\\/schema\\\/logo\\\/image\\\/\",\"url\":\"https:\\\/\\\/www.casinostake.com\\\/wp-content\\\/uploads\\\/2024\\\/03\\\/casinostake-logo.jpg\",\"contentUrl\":\"https:\\\/\\\/www.casinostake.com\\\/wp-content\\\/uploads\\\/2024\\\/03\\\/casinostake-logo.jpg\",\"width\":800,\"height\":800,\"caption\":\"Casino Stake\"},\"image\":{\"@id\":\"https:\\\/\\\/www.casinostake.com\\\/de\\\/#\\\/schema\\\/logo\\\/image\\\/\"}}]}<\/script>\n<!-- \/ Yoast SEO Premium plugin. -->","yoast_head_json":{"title":"Slot Spiel Angebote - April Bonus Codes","description":"Finden Sie die besten Online-Spielautomaten mit Casino-Einsatz. Wir haben die besten Online-Spielautomaten und Angebote f\u00fcr 2024 gepr\u00fcft.","robots":{"index":"index","follow":"follow","max-snippet":"max-snippet:-1","max-image-preview":"max-image-preview:large","max-video-preview":"max-video-preview:-1"},"canonical":"https:\/\/www.casinostake.com\/de\/slot-spiele\/","og_locale":"de_DE","og_type":"article","og_title":"Spielautomaten Spiele","og_description":"Finden Sie die besten Online-Spielautomaten mit Casino-Einsatz. Wir haben die besten Online-Spielautomaten und Angebote f\u00fcr 2024 gepr\u00fcft.","og_url":"https:\/\/www.casinostake.com\/de\/slot-spiele\/","og_site_name":"Casino Stake","og_image":[{"width":500,"height":208,"url":"https:\/\/www.casinostake.com\/wp-content\/uploads\/2024\/02\/CS_Full-Logo-2-Colour22-1.png","type":"image\/png"}],"twitter_card":"summary_large_image","twitter_misc":{"Gesch\u00e4tzte Lesezeit":"11\u00a0Minuten"},"schema":{"@context":"https:\/\/schema.org","@graph":[{"@type":"WebPage","@id":"https:\/\/www.casinostake.com\/de\/slot-spiele\/","url":"https:\/\/www.casinostake.com\/de\/slot-spiele\/","name":"Slot Spiel Angebote - April Bonus Codes","isPartOf":{"@id":"https:\/\/www.casinostake.com\/de\/#website"},"datePublished":"2025-02-02T13:48:11+00:00","description":"Finden Sie die besten Online-Spielautomaten mit Casino-Einsatz. Wir haben die besten Online-Spielautomaten und Angebote f\u00fcr 2024 gepr\u00fcft.","breadcrumb":{"@id":"https:\/\/www.casinostake.com\/de\/slot-spiele\/#breadcrumb"},"inLanguage":"de","potentialAction":[{"@type":"ReadAction","target":["https:\/\/www.casinostake.com\/de\/slot-spiele\/"]}]},{"@type":"BreadcrumbList","@id":"https:\/\/www.casinostake.com\/de\/slot-spiele\/#breadcrumb","itemListElement":[{"@type":"ListItem","position":1,"name":"Home","item":"https:\/\/www.casinostake.com\/de\/"},{"@type":"ListItem","position":2,"name":"Spielautomaten Spiele"}]},{"@type":"WebSite","@id":"https:\/\/www.casinostake.com\/de\/#website","url":"https:\/\/www.casinostake.com\/de\/","name":"Casino Stake","description":"","publisher":{"@id":"https:\/\/www.casinostake.com\/de\/#organization"},"potentialAction":[{"@type":"SearchAction","target":{"@type":"EntryPoint","urlTemplate":"https:\/\/www.casinostake.com\/de\/?s={search_term_string}"},"query-input":{"@type":"PropertyValueSpecification","valueRequired":true,"valueName":"search_term_string"}}],"inLanguage":"de"},{"@type":"Organization","@id":"https:\/\/www.casinostake.com\/de\/#organization","name":"Casino Stake","url":"https:\/\/www.casinostake.com\/de\/","logo":{"@type":"ImageObject","inLanguage":"de","@id":"https:\/\/www.casinostake.com\/de\/#\/schema\/logo\/image\/","url":"https:\/\/www.casinostake.com\/wp-content\/uploads\/2024\/03\/casinostake-logo.jpg","contentUrl":"https:\/\/www.casinostake.com\/wp-content\/uploads\/2024\/03\/casinostake-logo.jpg","width":800,"height":800,"caption":"Casino Stake"},"image":{"@id":"https:\/\/www.casinostake.com\/de\/#\/schema\/logo\/image\/"}}]}},"_links":{"self":[{"href":"https:\/\/www.casinostake.com\/de\/wp-json\/wp\/v2\/pages\/6695","targetHints":{"allow":["GET"]}}],"collection":[{"href":"https:\/\/www.casinostake.com\/de\/wp-json\/wp\/v2\/pages"}],"about":[{"href":"https:\/\/www.casinostake.com\/de\/wp-json\/wp\/v2\/types\/page"}],"author":[{"embeddable":true,"href":"https:\/\/www.casinostake.com\/de\/wp-json\/wp\/v2\/users\/1"}],"replies":[{"embeddable":true,"href":"https:\/\/www.casinostake.com\/de\/wp-json\/wp\/v2\/comments?post=6695"}],"version-history":[{"count":14,"href":"https:\/\/www.casinostake.com\/de\/wp-json\/wp\/v2\/pages\/6695\/revisions"}],"predecessor-version":[{"id":10732,"href":"https:\/\/www.casinostake.com\/de\/wp-json\/wp\/v2\/pages\/6695\/revisions\/10732"}],"wp:attachment":[{"href":"https:\/\/www.casinostake.com\/de\/wp-json\/wp\/v2\/media?parent=6695"}],"curies":[{"name":"wp","href":"https:\/\/api.w.org\/{rel}","templated":true}]}}